{"id":369,"date":"2022-08-26T05:07:12","date_gmt":"2022-08-26T05:07:12","guid":{"rendered":"https:\/\/rarathemesdemo.com\/grand-construction\/?page_id=369"},"modified":"2024-03-19T18:43:55","modified_gmt":"2024-03-19T15:43:55","slug":"%d9%86%d8%a8%d8%b0%d8%a9-%d8%b9%d9%86%d8%a7","status":"publish","type":"page","link":"https:\/\/cemnazmakine.com\/ar\/%d9%86%d8%a8%d8%b0%d8%a9-%d8%b9%d9%86%d8%a7\/","title":{"rendered":"\u0646\u0628\u0630\u0629 \u0639\u0646\u0627"},"content":{"rendered":"\r\n<figure class=\"wp-block-image size-full\"><img loading=\"lazy\" decoding=\"async\" class=\"aligncenter wp-image-522 size-large\" src=\"https:\/\/cemnazmakine.com\/wp-content\/uploads\/2024\/03\/slide-1-1024x453.jpg\" alt=\"\" width=\"847\" height=\"375\" srcset=\"https:\/\/cemnazmakine.com\/ar\/wp-content\/uploads\/2024\/03\/slide-1-1024x453.jpg 1024w, https:\/\/cemnazmakine.com\/ar\/wp-content\/uploads\/2024\/03\/slide-1-300x133.jpg 300w, https:\/\/cemnazmakine.com\/ar\/wp-content\/uploads\/2024\/03\/slide-1-768x340.jpg 768w, https:\/\/cemnazmakine.com\/ar\/wp-content\/uploads\/2024\/03\/slide-1-1536x680.jpg 1536w, https:\/\/cemnazmakine.com\/ar\/wp-content\/uploads\/2024\/03\/slide-1.jpg 1920w\" sizes=\"auto, (max-width: 847px) 100vw, 847px\" \/><\/figure>\r\n\r\n\r\n\r\n<p><strong>\u0627\u0644\u0648\u0642\u0648\u0641 \u0625\u0644\u0649 \u062c\u0627\u0646\u0628 \u0623\u0639\u0645\u0627\u0644\u0643 \u0645\u0639 \u062d\u0644\u0648\u0644 \u0627\u0644\u0645\u0639\u0627\u0644\u062c\u0629 \u0627\u0644\u0635\u0646\u0627\u0639\u064a\u0629<\/strong><\/p>\r\n<p>\u0641\u064a \u0645\u0635\u0646\u0639\u0646\u0627 \u0627\u0644\u0645\u063a\u0644\u0642 \u0627\u0644\u0630\u064a \u062a\u0628\u0644\u063a \u0645\u0633\u0627\u062d\u062a\u0647 2200 \u0645\u062a\u0631 \u0645\u0631\u0628\u0639\u060c \u0646\u0642\u0648\u0645 \u0628\u062a\u0635\u0646\u064a\u0639 \u062e\u0637 \u0625\u0646\u062a\u0627\u062c \u0627\u0644\u0628\u0637\u0627\u0637\u0633 \u0627\u0644\u0645\u062c\u0645\u062f\u0629 \u0627\u0644\u062c\u0627\u0647\u0632\u0629 \u0648\u0646\u0641\u0642 \u0627\u0644\u0635\u062f\u0645\u0627\u062a IQF.<\/p>\r\n<p>\u0648\u0628\u0641\u0636\u0644 \u0645\u0648\u0638\u0641\u064a\u0646\u0627 \u0627\u0644\u062e\u0628\u0631\u0627\u0621 \u0641\u064a \u062e\u062f\u0645\u0629 \u0645\u0627 \u0628\u0639\u062f \u0627\u0644\u0628\u064a\u0639 \u0648\u0627\u0644\u062a\u062f\u0631\u064a\u0628 \u0639\u0644\u0649 \u0625\u0646\u062a\u0627\u062c \u0627\u0644\u0628\u0637\u0627\u0637\u0633 \u0627\u0644\u0645\u062c\u0645\u062f\u0629\u060c \u0646\u0648\u0641\u0631 \u0644\u0639\u0645\u0644\u0627\u0626\u0646\u0627 \u0631\u0627\u062d\u0629 \u0643\u0628\u064a\u0631\u0629 \u0641\u064a \u0627\u0644\u062a\u0643\u064a\u0641 \u0645\u0639 \u0647\u0630\u0627 \u0627\u0644\u0642\u0637\u0627\u0639.<\/p>\r\n<p>\u0641\u064a \u0625\u0646\u062a\u0627\u062c\u0646\u0627\u060c \u0646\u0633\u062a\u062e\u062f\u0645 \u0627\u0644\u0639\u0644\u0627\u0645\u0627\u062a \u0627\u0644\u062a\u062c\u0627\u0631\u064a\u0629 \u0627\u0644\u062a\u0631\u0643\u064a\u0629 \u0648\u0627\u0644\u0623\u0644\u0645\u0627\u0646\u064a\u0629 \u0648\u0627\u0644\u0641\u0631\u0646\u0633\u064a\u0629 \u0648\u0627\u0644\u0625\u064a\u0637\u0627\u0644\u064a\u0629 \u0627\u0644\u0645\u0646\u0634\u0623 \u0643\u0645\u0648\u0627\u062f \u062e\u0627\u0645\u060c \u0628\u0645\u0627 \u0641\u064a \u0630\u0644\u0643 \u0627\u0644\u0645\u0646\u062a\u062c\u0627\u062a \u0627\u0644\u0643\u0647\u0631\u0628\u0627\u0626\u064a\u0629 \u0627\u0644\u0625\u0644\u0643\u062a\u0631\u0648\u0646\u064a\u0629.<\/p>\r\n<p>\u0648\u0643\u0633\u0648\u0642\u060c \u0646\u0648\u0627\u0635\u0644 \u0623\u0646\u0634\u0637\u062a\u0646\u0627 \u0641\u064a \u0627\u0644\u0634\u0631\u0642 \u0627\u0644\u0623\u0648\u0633\u0637 \u0648\u0623\u0648\u0631\u0648\u0628\u0627 \u0648\u0623\u0641\u0631\u064a\u0642\u064a\u0627 \u0648\u062a\u0631\u0643\u064a\u0627.<\/p>\r\n<p>\u0641\u064a \u0627\u0644\u0633\u0646\u0648\u0627\u062a \u0627\u0644\u0642\u0627\u062f\u0645\u0629\u060c \u0633\u062a\u0648\u0627\u0635\u0644 \u0634\u0631\u0643\u0629 Cemnaz Maknaz Makine Tar\u0131m G\u0131da San. Tic. \u015eti\u060c \u0646\u0647\u062f\u0641 \u0625\u0644\u0649 \u0623\u0646 \u0646\u0631\u0649 \u0623\u0646\u0641\u0633\u0646\u0627 \u0643\u0634\u0631\u0643\u0629 \u0631\u0627\u0626\u062f\u0629 \u0641\u064a \u0642\u0637\u0627\u0639 \u0625\u0646\u062a\u0627\u062c &#8220;\u062e\u0637 \u0625\u0646\u062a\u0627\u062c \u0627\u0644\u0628\u0637\u0627\u0637\u0633 \u0648\u0627\u0644\u0623\u063a\u0630\u064a\u0629&#8221; \u0628\u062c\u0645\u064a\u0639 \u0645\u0639\u062f\u0627\u062a\u0646\u0627 \u0627\u0644\u062a\u064a \u0642\u0645\u0646\u0627 \u0628\u062a\u0635\u0646\u064a\u0639\u0647\u0627.<\/p>\r\n<p>\u0634\u0631\u0643\u0629 CEMNAZ Makine \u0647\u064a \u0634\u0631\u0643\u0629 \u0645\u062a\u062e\u0635\u0635\u0629 \u0641\u064a \u0642\u0637\u0627\u0639 \u0627\u0644\u0645\u0639\u0627\u0644\u062c\u0629 \u0627\u0644\u0635\u0646\u0627\u0639\u064a\u0629. \u0646\u0642\u062f\u0645 \u0644\u0639\u0645\u0644\u0627\u0626\u0646\u0627 \u062d\u0644\u0648\u0644\u0627\u064b \u0634\u0627\u0645\u0644\u0629 \u0641\u064a \u062a\u0635\u0645\u064a\u0645 \u0648\u0625\u0646\u062a\u0627\u062c \u0648\u0628\u064a\u0639 \u0645\u062e\u062a\u0644\u0641 \u0627\u0644\u0622\u0644\u0627\u062a \u0627\u0644\u0645\u0633\u062a\u062e\u062f\u0645\u0629 \u0641\u064a \u0639\u0645\u0644\u064a\u0627\u062a \u0645\u0639\u0627\u0644\u062c\u0629 \u0627\u0644\u0628\u0637\u0627\u0637\u0633.<\/p>\r\n<p>\u062a\u0647\u062f\u0641 \u0634\u0631\u0643\u062a\u0646\u0627 \u0625\u0644\u0649 \u062a\u0644\u0628\u064a\u0629 \u0627\u062d\u062a\u064a\u0627\u062c\u0627\u062a \u0639\u0645\u0644\u0627\u0626\u0646\u0627 \u0628\u0623\u0641\u0636\u0644 \u0637\u0631\u064a\u0642\u0629 \u0645\u0645\u0643\u0646\u0629 \u0645\u0646 \u062e\u0644\u0627\u0644 \u0633\u0646\u0648\u0627\u062a \u0645\u0646 \u0627\u0644\u062e\u0628\u0631\u0629 \u0648\u0627\u0644\u062a\u062c\u0631\u0628\u0629. \u062a\u0648\u0641\u0631 \u0645\u0627\u0643\u064a\u0646\u0627\u062a\u0646\u0627\u060c \u0627\u0644\u062a\u064a \u064a\u062a\u0645 \u062a\u0635\u0646\u064a\u0639 \u0643\u0644 \u0645\u0646\u0647\u0627 \u0648\u0641\u0642\u064b\u0627 \u0644\u0645\u0639\u0627\u064a\u064a\u0631 \u0627\u0644\u0635\u0646\u0627\u0639\u0629\u060c \u0644\u0639\u0645\u0644\u0627\u0626\u0646\u0627 \u0645\u0646\u062a\u062c\u0627\u062a \u0639\u0627\u0644\u064a\u0629 \u0627\u0644\u062c\u0648\u062f\u0629 \u0648\u0639\u0645\u0644\u064a\u0627\u062a \u0645\u0639\u0627\u0644\u062c\u0629 \u0641\u0639\u0627\u0644\u0629.<\/p>\r\n<p>\u0628\u0635\u0641\u062a\u0646\u0627 \u0634\u0631\u0643\u0629 CEMNAZ Makine\u060c \u0646\u0647\u062f\u0641 \u0625\u0644\u0649 \u0627\u0644\u062d\u0641\u0627\u0638 \u0639\u0644\u0649 \u0631\u0636\u0627 \u0627\u0644\u0639\u0645\u0644\u0627\u0621 \u0639\u0644\u0649 \u0623\u0639\u0644\u0649 \u0645\u0633\u062a\u0648\u0649 \u0648\u0625\u0636\u0627\u0641\u0629 \u0642\u064a\u0645\u0629 \u0644\u0623\u0639\u0645\u0627\u0644\u0643. \u0646\u062d\u0646 \u0646\u0633\u0639\u0649 \u0628\u0627\u0633\u062a\u0645\u0631\u0627\u0631 \u0644\u0641\u0647\u0645 \u0627\u062d\u062a\u064a\u0627\u062c\u0627\u062a \u0639\u0645\u0644\u0627\u0626\u0646\u0627 \u0648\u062a\u0632\u0648\u064a\u062f\u0647\u0645 \u0628\u062d\u0644\u0648\u0644 \u0645\u062e\u0635\u0635\u0629.<\/p>\r\n<p>\u0648\u0628\u0641\u0636\u0644 \u0646\u0647\u062c\u0646\u0627 \u0627\u0644\u0645\u0648\u062c\u0647 \u0646\u062d\u0648 \u0627\u0644\u0639\u0645\u0644\u0627\u0621 \u0648\u0627\u0644\u062a\u0632\u0627\u0645\u0646\u0627 \u0628\u0627\u0644\u062c\u0648\u062f\u0629 \u0648\u0645\u0648\u0638\u0641\u064a\u0646\u0627 \u0627\u0644\u062e\u0628\u0631\u0627\u0621\u060c \u0641\u0625\u0646\u0646\u0627 \u0646\u062a\u0645\u062a\u0639 \u0628\u0645\u0643\u0627\u0646\u0629 \u0631\u0627\u0626\u062f\u0629 \u0641\u064a \u0642\u0637\u0627\u0639 \u0627\u0644\u0645\u0639\u0627\u0644\u062c\u0629 \u0627\u0644\u0635\u0646\u0627\u0639\u064a\u0629. \u0648\u0628\u0635\u0641\u062a\u0646\u0627 \u0634\u0631\u0643\u0629 CEMNAZ Makine\u060c \u064a\u0633\u0639\u062f\u0646\u0627 \u0623\u0646 \u0646\u0633\u0627\u0647\u0645 \u0641\u064a \u0646\u062c\u0627\u062d \u0623\u0639\u0645\u0627\u0644\u0643\u0645 \u0648\u0646\u062d\u0646 \u0647\u0646\u0627 \u0644\u0646\u0642\u062f\u0645 \u0644\u0643\u0645 \u0623\u0641\u0636\u0644 \u0627\u0644\u062e\u062f\u0645\u0627\u062a.<\/p>\r\n","protected":false},"excerpt":{"rendered":"<p>\u0627\u0644\u0648\u0642\u0648\u0641 \u0625\u0644\u0649 \u062c\u0627\u0646\u0628 \u0623\u0639\u0645\u0627\u0644\u0643 \u0645\u0639 \u062d\u0644\u0648\u0644 \u0627\u0644\u0645\u0639\u0627\u0644\u062c\u0629 \u0627\u0644\u0635\u0646\u0627\u0639\u064a\u0629 \u0641\u064a \u0645\u0635\u0646\u0639\u0646\u0627 \u0627\u0644\u0645\u063a\u0644\u0642 \u0627\u0644\u0630\u064a \u062a\u0628\u0644\u063a \u0645\u0633\u0627\u062d\u062a\u0647 2200 \u0645\u062a\u0631 \u0645\u0631\u0628\u0639\u060c \u0646\u0642\u0648\u0645 \u0628\u062a\u0635\u0646\u064a\u0639 \u062e\u0637 &hellip; <\/p>\n","protected":false},"author":1,"featured_media":0,"parent":0,"menu_order":0,"comment_status":"closed","ping_status":"closed","template":"","meta":{"_monsterinsights_skip_tracking":false,"_monsterinsights_sitenote_active":false,"_monsterinsights_sitenote_note":"","_monsterinsights_sitenote_category":0,"_themeisle_gutenberg_block_has_review":false,"footnotes":""},"class_list":["post-369","page","type-page","status-publish","hentry"],"_links":{"self":[{"href":"https:\/\/cemnazmakine.com\/ar\/wp-json\/wp\/v2\/pages\/369","targetHints":{"allow":["GET"]}}],"collection":[{"href":"https:\/\/cemnazmakine.com\/ar\/wp-json\/wp\/v2\/pages"}],"about":[{"href":"https:\/\/cemnazmakine.com\/ar\/wp-json\/wp\/v2\/types\/page"}],"author":[{"embeddable":true,"href":"https:\/\/cemnazmakine.com\/ar\/wp-json\/wp\/v2\/users\/1"}],"replies":[{"embeddable":true,"href":"https:\/\/cemnazmakine.com\/ar\/wp-json\/wp\/v2\/comments?post=369"}],"version-history":[{"count":6,"href":"https:\/\/cemnazmakine.com\/ar\/wp-json\/wp\/v2\/pages\/369\/revisions"}],"predecessor-version":[{"id":748,"href":"https:\/\/cemnazmakine.com\/ar\/wp-json\/wp\/v2\/pages\/369\/revisions\/748"}],"wp:attachment":[{"href":"https:\/\/cemnazmakine.com\/ar\/wp-json\/wp\/v2\/media?parent=369"}],"curies":[{"name":"wp","href":"https:\/\/api.w.org\/{rel}","templated":true}]}}